{"id":41,"date":"2021-09-01T08:12:44","date_gmt":"2021-09-01T08:12:44","guid":{"rendered":"https:\/\/kemper-yoga.de\/?page_id=41"},"modified":"2024-10-11T14:06:02","modified_gmt":"2024-10-11T14:06:02","slug":"zu-mir","status":"publish","type":"page","link":"https:\/\/kemper-yoga.de\/?page_id=41","title":{"rendered":"Zu mir"},"content":{"rendered":"<h1>Zu mir<\/h1>\n<p><img loading=\"lazy\" class=\" wp-image-20 alignright\" src=\"https:\/\/i0.wp.com\/kemper-yoga.de\/wp-content\/uploads\/2021\/09\/EOSR8933.jpg?resize=336%2C504&#038;ssl=1\" alt=\"\" width=\"336\" height=\"504\" srcset=\"https:\/\/i0.wp.com\/kemper-yoga.de\/wp-content\/uploads\/2021\/09\/EOSR8933-scaled.jpg?resize=683%2C1024&amp;ssl=1 683w, https:\/\/i0.wp.com\/kemper-yoga.de\/wp-content\/uploads\/2021\/09\/EOSR8933-scaled.jpg?resize=200%2C300&amp;ssl=1 200w, https:\/\/i0.wp.com\/kemper-yoga.de\/wp-content\/uploads\/2021\/09\/EOSR8933-scaled.jpg?resize=768%2C1152&amp;ssl=1 768w, https:\/\/i0.wp.com\/kemper-yoga.de\/wp-content\/uploads\/2021\/09\/EOSR8933-scaled.jpg?resize=1024%2C1536&amp;ssl=1 1024w, https:\/\/i0.wp.com\/kemper-yoga.de\/wp-content\/uploads\/2021\/09\/EOSR8933-scaled.jpg?resize=1365%2C2048&amp;ssl=1 1365w, https:\/\/i0.wp.com\/kemper-yoga.de\/wp-content\/uploads\/2021\/09\/EOSR8933-scaled.jpg?w=1707&amp;ssl=1 1707w\" sizes=\"(max-width: 336px) 100vw, 336px\" data-recalc-dims=\"1\" \/>Ich bin gelernte Industriekauffrau und arbeite seit \u00fcber 20 Jahren in diesem Beruf.<\/p>\n<p>Yoga begleitet mich schon mein Leben lang und ich war neugierig auf die Erfahrung die Seite zu wechseln. Nicht mehr als Teilnehmerin sondern als aktive Gestalterin einer Yogasession t\u00e4tig zu werden. Ich freue mich heute sehr, diese Reise begonnen zu haben und das Wissen \u00fcber Achtsamkeit, Bewegung, Meditation und Entspannung weitergeben zu d\u00fcrfen.<\/p>\n<p><a href=\"https:\/\/i0.wp.com\/kemper-yoga.de\/wp-content\/uploads\/2022\/01\/Zertifikat-scaled.jpg?ssl=1\" rel=\"lightbox[41]\"><img loading=\"lazy\" class=\"size-medium wp-image-166 alignleft\" src=\"https:\/\/i0.wp.com\/kemper-yoga.de\/wp-content\/uploads\/2022\/01\/Zertifikat.jpg?resize=210%2C300&#038;ssl=1\" alt=\"\" width=\"210\" height=\"300\" srcset=\"https:\/\/i0.wp.com\/kemper-yoga.de\/wp-content\/uploads\/2022\/01\/Zertifikat-scaled.jpg?resize=210%2C300&amp;ssl=1 210w, https:\/\/i0.wp.com\/kemper-yoga.de\/wp-content\/uploads\/2022\/01\/Zertifikat-scaled.jpg?resize=718%2C1024&amp;ssl=1 718w, https:\/\/i0.wp.com\/kemper-yoga.de\/wp-content\/uploads\/2022\/01\/Zertifikat-scaled.jpg?resize=768%2C1095&amp;ssl=1 768w, https:\/\/i0.wp.com\/kemper-yoga.de\/wp-content\/uploads\/2022\/01\/Zertifikat-scaled.jpg?resize=1077%2C1536&amp;ssl=1 1077w, https:\/\/i0.wp.com\/kemper-yoga.de\/wp-content\/uploads\/2022\/01\/Zertifikat-scaled.jpg?resize=1436%2C2048&amp;ssl=1 1436w, https:\/\/i0.wp.com\/kemper-yoga.de\/wp-content\/uploads\/2022\/01\/Zertifikat-scaled.jpg?w=1795&amp;ssl=1 1795w\" sizes=\"(max-width: 210px) 100vw, 210px\" data-recalc-dims=\"1\" \/><\/a>Ich absolvierte beim Landessportbund Lehrg\u00e4nge zur Qualifikation Hatha-Yogalehrerin, doch mein Herz schl\u00e4gt f\u00fcr das Kundalini Yoga. Somit habe ich meine Ausbildung dann bei PranaJio mit Sitz in Freising\/Oberbayern erfolgreich abgeschlossen.<\/p>\n<p>&nbsp;<\/p>\n<p>Ich freue mich sehr Sie kennen zu lernen und noch mehr auf unseren gemeinsamen Weg.<\/p>\n<p>Verena Kemper<\/p>\n","protected":false},"excerpt":{"rendered":"<p>Zu mir Ich bin gelernte Industriekauffrau und arbeite seit \u00fcber 20 Jahren in diesem Beruf. Yoga begleitet mich schon mein Leben lang und ich war neugierig auf die Erfahrung die Seite zu wechseln. Nicht mehr als Teilnehmerin sondern als aktive Gestalterin einer Yogasession t\u00e4tig zu werden. Ich freue mich heute sehr, diese Reise begonnen zu &#8230; <a title=\"Zu mir\" class=\"read-more\" href=\"https:\/\/kemper-yoga.de\/?page_id=41\" aria-label=\"Mehr bei Zu mir\">Weiterlesen &#8230;<\/a><\/p>\n","protected":false},"author":1,"featured_media":0,"parent":0,"menu_order":0,"comment_status":"closed","ping_status":"closed","template":"","meta":[],"yoast_head":"<!-- This site is optimized with the Yoast SEO plugin v19.13 - https:\/\/yoast.com\/wordpress\/plugins\/seo\/ -->\n<title>Zu mir - Kundalini Yoga<\/title>\n<meta name=\"robots\" content=\"index, follow, max-snippet:-1, max-image-preview:large, max-video-preview:-1\" \/>\n<link rel=\"canonical\" href=\"https:\/\/kemper-yoga.de\/?page_id=41\" \/>\n<meta property=\"og:locale\" content=\"de_DE\" \/>\n<meta property=\"og:type\" content=\"article\" \/>\n<meta property=\"og:title\" content=\"Zu mir - Kundalini Yoga\" \/>\n<meta property=\"og:description\" content=\"Zu mir Ich bin gelernte Industriekauffrau und arbeite seit \u00fcber 20 Jahren in diesem Beruf. Yoga begleitet mich schon mein Leben lang und ich war neugierig auf die Erfahrung die Seite zu wechseln. Nicht mehr als Teilnehmerin sondern als aktive Gestalterin einer Yogasession t\u00e4tig zu werden. Ich freue mich heute sehr, diese Reise begonnen zu ... Weiterlesen ...\" \/>\n<meta property=\"og:url\" content=\"https:\/\/kemper-yoga.de\/?page_id=41\" \/>\n<meta property=\"og:site_name\" content=\"Kundalini Yoga\" \/>\n<meta property=\"article:modified_time\" content=\"2024-10-11T14:06:02+00:00\" \/>\n<meta property=\"og:image\" content=\"https:\/\/kemper-yoga.de\/wp-content\/uploads\/2021\/09\/EOSR8933-683x1024.jpg\" \/>\n<meta name=\"twitter:card\" content=\"summary_large_image\" \/>\n<meta name=\"twitter:label1\" content=\"Gesch\u00e4tzte Lesezeit\" \/>\n\t<meta name=\"twitter:data1\" content=\"2\u00a0Minuten\" \/>\n<script type=\"application\/ld+json\" class=\"yoast-schema-graph\">{\"@context\":\"https:\/\/schema.org\",\"@graph\":[{\"@type\":\"WebPage\",\"@id\":\"https:\/\/kemper-yoga.de\/?page_id=41\",\"url\":\"https:\/\/kemper-yoga.de\/?page_id=41\",\"name\":\"Zu mir - Kundalini Yoga\",\"isPartOf\":{\"@id\":\"https:\/\/kemper-yoga.de\/#website\"},\"datePublished\":\"2021-09-01T08:12:44+00:00\",\"dateModified\":\"2024-10-11T14:06:02+00:00\",\"breadcrumb\":{\"@id\":\"https:\/\/kemper-yoga.de\/?page_id=41#breadcrumb\"},\"inLanguage\":\"de\",\"potentialAction\":[{\"@type\":\"ReadAction\",\"target\":[\"https:\/\/kemper-yoga.de\/?page_id=41\"]}]},{\"@type\":\"BreadcrumbList\",\"@id\":\"https:\/\/kemper-yoga.de\/?page_id=41#breadcrumb\",\"itemListElement\":[{\"@type\":\"ListItem\",\"position\":1,\"name\":\"Home\",\"item\":\"https:\/\/kemper-yoga.de\/\"},{\"@type\":\"ListItem\",\"position\":2,\"name\":\"Zu mir\"}]},{\"@type\":\"WebSite\",\"@id\":\"https:\/\/kemper-yoga.de\/#website\",\"url\":\"https:\/\/kemper-yoga.de\/\",\"name\":\"Kundalini Yoga\",\"description\":\"Verena Kemper\",\"publisher\":{\"@id\":\"https:\/\/kemper-yoga.de\/#organization\"},\"potentialAction\":[{\"@type\":\"SearchAction\",\"target\":{\"@type\":\"EntryPoint\",\"urlTemplate\":\"https:\/\/kemper-yoga.de\/?s={search_term_string}\"},\"query-input\":\"required name=search_term_string\"}],\"inLanguage\":\"de\"},{\"@type\":\"Organization\",\"@id\":\"https:\/\/kemper-yoga.de\/#organization\",\"name\":\"Kemper Yoga\",\"url\":\"https:\/\/kemper-yoga.de\/\",\"logo\":{\"@type\":\"ImageObject\",\"inLanguage\":\"de\",\"@id\":\"https:\/\/kemper-yoga.de\/#\/schema\/logo\/image\/\",\"url\":\"https:\/\/i0.wp.com\/kemper-yoga.de\/wp-content\/uploads\/2021\/09\/cropped-EOSR8825-scaled-2.jpg?fit=512%2C512&ssl=1\",\"contentUrl\":\"https:\/\/i0.wp.com\/kemper-yoga.de\/wp-content\/uploads\/2021\/09\/cropped-EOSR8825-scaled-2.jpg?fit=512%2C512&ssl=1\",\"width\":512,\"height\":512,\"caption\":\"Kemper Yoga\"},\"image\":{\"@id\":\"https:\/\/kemper-yoga.de\/#\/schema\/logo\/image\/\"}}]}<\/script>\n<!-- \/ Yoast SEO plugin. -->","yoast_head_json":{"title":"Zu mir - Kundalini Yoga","robots":{"index":"index","follow":"follow","max-snippet":"max-snippet:-1","max-image-preview":"max-image-preview:large","max-video-preview":"max-video-preview:-1"},"canonical":"https:\/\/kemper-yoga.de\/?page_id=41","og_locale":"de_DE","og_type":"article","og_title":"Zu mir - Kundalini Yoga","og_description":"Zu mir Ich bin gelernte Industriekauffrau und arbeite seit \u00fcber 20 Jahren in diesem Beruf. Yoga begleitet mich schon mein Leben lang und ich war neugierig auf die Erfahrung die Seite zu wechseln. Nicht mehr als Teilnehmerin sondern als aktive Gestalterin einer Yogasession t\u00e4tig zu werden. Ich freue mich heute sehr, diese Reise begonnen zu ... Weiterlesen ...","og_url":"https:\/\/kemper-yoga.de\/?page_id=41","og_site_name":"Kundalini Yoga","article_modified_time":"2024-10-11T14:06:02+00:00","og_image":[{"url":"https:\/\/kemper-yoga.de\/wp-content\/uploads\/2021\/09\/EOSR8933-683x1024.jpg"}],"twitter_card":"summary_large_image","twitter_misc":{"Gesch\u00e4tzte Lesezeit":"2\u00a0Minuten"},"schema":{"@context":"https:\/\/schema.org","@graph":[{"@type":"WebPage","@id":"https:\/\/kemper-yoga.de\/?page_id=41","url":"https:\/\/kemper-yoga.de\/?page_id=41","name":"Zu mir - Kundalini Yoga","isPartOf":{"@id":"https:\/\/kemper-yoga.de\/#website"},"datePublished":"2021-09-01T08:12:44+00:00","dateModified":"2024-10-11T14:06:02+00:00","breadcrumb":{"@id":"https:\/\/kemper-yoga.de\/?page_id=41#breadcrumb"},"inLanguage":"de","potentialAction":[{"@type":"ReadAction","target":["https:\/\/kemper-yoga.de\/?page_id=41"]}]},{"@type":"BreadcrumbList","@id":"https:\/\/kemper-yoga.de\/?page_id=41#breadcrumb","itemListElement":[{"@type":"ListItem","position":1,"name":"Home","item":"https:\/\/kemper-yoga.de\/"},{"@type":"ListItem","position":2,"name":"Zu mir"}]},{"@type":"WebSite","@id":"https:\/\/kemper-yoga.de\/#website","url":"https:\/\/kemper-yoga.de\/","name":"Kundalini Yoga","description":"Verena Kemper","publisher":{"@id":"https:\/\/kemper-yoga.de\/#organization"},"potentialAction":[{"@type":"SearchAction","target":{"@type":"EntryPoint","urlTemplate":"https:\/\/kemper-yoga.de\/?s={search_term_string}"},"query-input":"required name=search_term_string"}],"inLanguage":"de"},{"@type":"Organization","@id":"https:\/\/kemper-yoga.de\/#organization","name":"Kemper Yoga","url":"https:\/\/kemper-yoga.de\/","logo":{"@type":"ImageObject","inLanguage":"de","@id":"https:\/\/kemper-yoga.de\/#\/schema\/logo\/image\/","url":"https:\/\/i0.wp.com\/kemper-yoga.de\/wp-content\/uploads\/2021\/09\/cropped-EOSR8825-scaled-2.jpg?fit=512%2C512&ssl=1","contentUrl":"https:\/\/i0.wp.com\/kemper-yoga.de\/wp-content\/uploads\/2021\/09\/cropped-EOSR8825-scaled-2.jpg?fit=512%2C512&ssl=1","width":512,"height":512,"caption":"Kemper Yoga"},"image":{"@id":"https:\/\/kemper-yoga.de\/#\/schema\/logo\/image\/"}}]}},"jetpack-related-posts":[{"id":37,"url":"https:\/\/kemper-yoga.de\/?page_id=37","url_meta":{"origin":41,"position":0},"title":"Kundalini Yoga","date":"September 1, 2021","format":false,"excerpt":"Kundalini Yoga Yoga \u2013 Entspannung \u2013 Meditation Kundalini Yoga erm\u00f6glicht ein harmonisches Leben in einer sich schnell ver\u00e4ndernden Welt. Die bewusste Integration von Atem, Haltung und Bewegung unterscheidet Yoga von Gymnastik oder anderen K\u00f6rper\u00fcbungen. Kundalini Yoga unterst\u00fctzt Sie darin Ihr inneres Potenzial zu erkennen und zu leben. Es wirkt harmonisierend\u2026","rel":"","context":"\u00c4hnlicher Beitrag","img":{"alt_text":"","src":"https:\/\/i0.wp.com\/kemper-yoga.de\/wp-content\/uploads\/2021\/09\/EOSR8948-1024x683.jpg?resize=350%2C200&ssl=1","width":350,"height":200},"classes":[]},{"id":39,"url":"https:\/\/kemper-yoga.de\/?page_id=39","url_meta":{"origin":41,"position":1},"title":"Yoga Raum","date":"September 1, 2021","format":false,"excerpt":"Herzlichen Willkommen im Jubilate Forum! Wir machen Yoga in diesem wundersch\u00f6nen lichtdurchfluteten Raum.\u00a0 \u00a0 \u00a0 \u00a0 \u00a0 \u00a0 \u00a0 \u00a0 \u00a0 \u00a0 \u00a0 \u00a0 \u00a0 \u00a0 \u00a0 \u00a0 \u00a0 \u00a0 \u00a0 \u00a0 \u00a0 \u00a0 \u00a0 \u00a0 \u00a0 \u00a0 \u00a0 \u00a0 \u00a0 \u00a0 \u00a0 \u00a0 \u00a0 \u00a0 \u00a0 \u00a0 \u00a0 \u00a0\u2026","rel":"","context":"\u00c4hnlicher Beitrag","img":{"alt_text":"","src":"","width":0,"height":0},"classes":[]},{"id":11,"url":"https:\/\/kemper-yoga.de\/","url_meta":{"origin":41,"position":2},"title":"Home","date":"September 1, 2021","format":false,"excerpt":"Gl\u00fcck - Zufriedenheit - Innere Harmonie In dieser heute doch schnelllebigen Zeit wird es immer wertvoller Orte der Ruhe und Entspannung zu finden. Ich lade Sie ganz herzlich ein in entspannter Atmosph\u00e4re eines wundersch\u00f6nen Raumes - Yoga, Entspannung und Meditation zu erfahren. Kundalini Yoga holt Sie dort ab, wo Sie\u2026","rel":"","context":"\u00c4hnlicher Beitrag","img":{"alt_text":"","src":"","width":0,"height":0},"classes":[]},{"id":43,"url":"https:\/\/kemper-yoga.de\/?page_id=43","url_meta":{"origin":41,"position":3},"title":"Termine\/Kosten","date":"September 1, 2021","format":false,"excerpt":"Preis pro Unterrichtseinheit:\u00a0 15,-\u20ac 10 er Karte:\u00a0 140,-\u20ac \u00a0 Yogazeiten: Neuer Kurs jetzt auch Dienstags !! Dienstag: 20:15 Uhr - 21:45 Uhr Kursbeginn 5.11.2024 - 17.12.2024 7 er Karte: 105,-\u20ac - jetzt anmelden !! Donnerstag fortlaufender Kurs - Einstieg jederzeit m\u00f6glich 18:30 Uhr - 20:00 Uhr Beide Kurse im Jubilate\u2026","rel":"","context":"\u00c4hnlicher Beitrag","img":{"alt_text":"","src":"https:\/\/i0.wp.com\/kemper-yoga.de\/wp-content\/uploads\/2021\/09\/kurse-1024x683.jpg?resize=350%2C200&ssl=1","width":350,"height":200},"classes":[]},{"id":45,"url":"https:\/\/kemper-yoga.de\/?page_id=45","url_meta":{"origin":41,"position":4},"title":"Kontakt\/Impressum","date":"September 1, 2021","format":false,"excerpt":"Verena Kemper Niederhof 22a 51674 Wiehl 0170-3243233 vk@kemper-yoga.de Steuernummer: 221\/5061\/2290 Yoga-Raum: Jubilate Forum, Auf dem Korb 21, 51789 Lindlar \u00a0 \u00a0 \u00a0","rel":"","context":"\u00c4hnlicher Beitrag","img":{"alt_text":"","src":"https:\/\/i0.wp.com\/kemper-yoga.de\/wp-content\/uploads\/2021\/09\/kontakt-683x1024.jpg?resize=350%2C200&ssl=1","width":350,"height":200},"classes":[]},{"id":197,"url":"https:\/\/kemper-yoga.de\/?page_id=197","url_meta":{"origin":41,"position":5},"title":"Hypnose","date":"April 29, 2024","format":false,"excerpt":"","rel":"","context":"\u00c4hnlicher Beitrag","img":{"alt_text":"","src":"","width":0,"height":0},"classes":[]}],"_links":{"self":[{"href":"https:\/\/kemper-yoga.de\/index.php?rest_route=\/wp\/v2\/pages\/41"}],"collection":[{"href":"https:\/\/kemper-yoga.de\/index.php?rest_route=\/wp\/v2\/pages"}],"about":[{"href":"https:\/\/kemper-yoga.de\/index.php?rest_route=\/wp\/v2\/types\/page"}],"author":[{"embeddable":true,"href":"https:\/\/kemper-yoga.de\/index.php?rest_route=\/wp\/v2\/users\/1"}],"replies":[{"embeddable":true,"href":"https:\/\/kemper-yoga.de\/index.php?rest_route=%2Fwp%2Fv2%2Fcomments&post=41"}],"version-history":[{"count":17,"href":"https:\/\/kemper-yoga.de\/index.php?rest_route=\/wp\/v2\/pages\/41\/revisions"}],"predecessor-version":[{"id":229,"href":"https:\/\/kemper-yoga.de\/index.php?rest_route=\/wp\/v2\/pages\/41\/revisions\/229"}],"wp:attachment":[{"href":"https:\/\/kemper-yoga.de\/index.php?rest_route=%2Fwp%2Fv2%2Fmedia&parent=41"}],"curies":[{"name":"wp","href":"https:\/\/api.w.org\/{rel}","templated":true}]}}