{"id":39,"date":"2021-09-01T08:11:38","date_gmt":"2021-09-01T08:11:38","guid":{"rendered":"https:\/\/kemper-yoga.de\/?page_id=39"},"modified":"2024-10-11T14:03:27","modified_gmt":"2024-10-11T14:03:27","slug":"yoga-raeume","status":"publish","type":"page","link":"https:\/\/kemper-yoga.de\/?page_id=39","title":{"rendered":"Yoga Raum"},"content":{"rendered":"<p>Herzlichen Willkommen im Jubilate Forum!<\/p>\n<p>Wir machen Yoga in diesem wundersch\u00f6nen lichtdurchfluteten Raum.\u00a0 \u00a0 \u00a0 \u00a0 \u00a0 \u00a0 \u00a0 \u00a0 \u00a0 \u00a0 \u00a0 \u00a0 \u00a0 \u00a0 \u00a0 \u00a0 \u00a0 \u00a0 \u00a0 \u00a0 \u00a0 \u00a0 \u00a0 \u00a0 \u00a0 \u00a0 \u00a0 \u00a0 \u00a0 \u00a0 \u00a0 \u00a0 \u00a0 \u00a0 \u00a0 \u00a0 \u00a0 \u00a0 \u00a0 \u00a0 \u00a0 \u00a0 \u00a0 \u00a0 \u00a0 \u00a0 \u00a0 \u00a0 \u00a0 \u00a0 \u00a0 \u00a0 \u00a0 \u00a0 \u00a0 \u00a0 \u00a0 \u00a0 \u00a0 \u00a0 Dieser offene und helle Raum befindet sich in Lindlar, im Jubilate-Forum, Auf dem Korb 21.<\/p>\n<p>Der aktuelle Kurs findet immer Donnerstag von 18:30-20:00 Uhr statt.<\/p>\n\n<p>&nbsp;<\/p>\n<p>F\u00fcr die Yogaeinheit kommen Sie in bequemer Kleidung und bringen Ihre Yogamatte, Ihr Yogakissen (falls Sie keins haben, reicht ein zusammengerolltes Handtuch) und Mineralwasser mit.<\/p>\n<p>Ich freue mich auf Ihre Sie und Ihre Kontaktaufnahme.<\/p>\n<p>Sat Nam,<\/p>\n<p>Verena<\/p>\n<p>&nbsp;<\/p>\n<p>&nbsp;<\/p>\n","protected":false},"excerpt":{"rendered":"<p>Herzlichen Willkommen im Jubilate Forum! Wir machen Yoga in diesem wundersch\u00f6nen lichtdurchfluteten Raum.\u00a0 \u00a0 \u00a0 \u00a0 \u00a0 \u00a0 \u00a0 \u00a0 \u00a0 \u00a0 \u00a0 \u00a0 \u00a0 \u00a0 \u00a0 \u00a0 \u00a0 \u00a0 \u00a0 \u00a0 \u00a0 \u00a0 \u00a0 \u00a0 \u00a0 \u00a0 \u00a0 \u00a0 \u00a0 \u00a0 \u00a0 \u00a0 \u00a0 \u00a0 \u00a0 \u00a0 \u00a0 \u00a0 \u00a0 \u00a0 \u00a0 \u00a0 \u00a0 &#8230; <a title=\"Yoga Raum\" class=\"read-more\" href=\"https:\/\/kemper-yoga.de\/?page_id=39\" aria-label=\"Mehr bei Yoga Raum\">Weiterlesen &#8230;<\/a><\/p>\n","protected":false},"author":1,"featured_media":0,"parent":0,"menu_order":0,"comment_status":"closed","ping_status":"closed","template":"","meta":[],"yoast_head":"<!-- This site is optimized with the Yoast SEO plugin v19.13 - https:\/\/yoast.com\/wordpress\/plugins\/seo\/ -->\n<title>Yoga Raum - Kundalini Yoga<\/title>\n<meta name=\"robots\" content=\"index, follow, max-snippet:-1, max-image-preview:large, max-video-preview:-1\" \/>\n<link rel=\"canonical\" href=\"https:\/\/kemper-yoga.de\/?page_id=39\" \/>\n<meta property=\"og:locale\" content=\"de_DE\" \/>\n<meta property=\"og:type\" content=\"article\" \/>\n<meta property=\"og:title\" content=\"Yoga Raum - Kundalini Yoga\" \/>\n<meta property=\"og:description\" content=\"Herzlichen Willkommen im Jubilate Forum! Wir machen Yoga in diesem wundersch\u00f6nen lichtdurchfluteten Raum.\u00a0 \u00a0 \u00a0 \u00a0 \u00a0 \u00a0 \u00a0 \u00a0 \u00a0 \u00a0 \u00a0 \u00a0 \u00a0 \u00a0 \u00a0 \u00a0 \u00a0 \u00a0 \u00a0 \u00a0 \u00a0 \u00a0 \u00a0 \u00a0 \u00a0 \u00a0 \u00a0 \u00a0 \u00a0 \u00a0 \u00a0 \u00a0 \u00a0 \u00a0 \u00a0 \u00a0 \u00a0 \u00a0 \u00a0 \u00a0 \u00a0 \u00a0 \u00a0 ... Weiterlesen ...\" \/>\n<meta property=\"og:url\" content=\"https:\/\/kemper-yoga.de\/?page_id=39\" \/>\n<meta property=\"og:site_name\" content=\"Kundalini Yoga\" \/>\n<meta property=\"article:modified_time\" content=\"2024-10-11T14:03:27+00:00\" \/>\n<meta name=\"twitter:card\" content=\"summary_large_image\" \/>\n<meta name=\"twitter:label1\" content=\"Gesch\u00e4tzte Lesezeit\" \/>\n\t<meta name=\"twitter:data1\" content=\"1\u00a0Minute\" \/>\n<script type=\"application\/ld+json\" class=\"yoast-schema-graph\">{\"@context\":\"https:\/\/schema.org\",\"@graph\":[{\"@type\":\"WebPage\",\"@id\":\"https:\/\/kemper-yoga.de\/?page_id=39\",\"url\":\"https:\/\/kemper-yoga.de\/?page_id=39\",\"name\":\"Yoga Raum - Kundalini Yoga\",\"isPartOf\":{\"@id\":\"https:\/\/kemper-yoga.de\/#website\"},\"datePublished\":\"2021-09-01T08:11:38+00:00\",\"dateModified\":\"2024-10-11T14:03:27+00:00\",\"breadcrumb\":{\"@id\":\"https:\/\/kemper-yoga.de\/?page_id=39#breadcrumb\"},\"inLanguage\":\"de\",\"potentialAction\":[{\"@type\":\"ReadAction\",\"target\":[\"https:\/\/kemper-yoga.de\/?page_id=39\"]}]},{\"@type\":\"BreadcrumbList\",\"@id\":\"https:\/\/kemper-yoga.de\/?page_id=39#breadcrumb\",\"itemListElement\":[{\"@type\":\"ListItem\",\"position\":1,\"name\":\"Home\",\"item\":\"https:\/\/kemper-yoga.de\/\"},{\"@type\":\"ListItem\",\"position\":2,\"name\":\"Yoga Raum\"}]},{\"@type\":\"WebSite\",\"@id\":\"https:\/\/kemper-yoga.de\/#website\",\"url\":\"https:\/\/kemper-yoga.de\/\",\"name\":\"Kundalini Yoga\",\"description\":\"Verena Kemper\",\"publisher\":{\"@id\":\"https:\/\/kemper-yoga.de\/#organization\"},\"potentialAction\":[{\"@type\":\"SearchAction\",\"target\":{\"@type\":\"EntryPoint\",\"urlTemplate\":\"https:\/\/kemper-yoga.de\/?s={search_term_string}\"},\"query-input\":\"required name=search_term_string\"}],\"inLanguage\":\"de\"},{\"@type\":\"Organization\",\"@id\":\"https:\/\/kemper-yoga.de\/#organization\",\"name\":\"Kemper Yoga\",\"url\":\"https:\/\/kemper-yoga.de\/\",\"logo\":{\"@type\":\"ImageObject\",\"inLanguage\":\"de\",\"@id\":\"https:\/\/kemper-yoga.de\/#\/schema\/logo\/image\/\",\"url\":\"https:\/\/i0.wp.com\/kemper-yoga.de\/wp-content\/uploads\/2021\/09\/cropped-EOSR8825-scaled-2.jpg?fit=512%2C512&ssl=1\",\"contentUrl\":\"https:\/\/i0.wp.com\/kemper-yoga.de\/wp-content\/uploads\/2021\/09\/cropped-EOSR8825-scaled-2.jpg?fit=512%2C512&ssl=1\",\"width\":512,\"height\":512,\"caption\":\"Kemper Yoga\"},\"image\":{\"@id\":\"https:\/\/kemper-yoga.de\/#\/schema\/logo\/image\/\"}}]}<\/script>\n<!-- \/ Yoast SEO plugin. -->","yoast_head_json":{"title":"Yoga Raum - Kundalini Yoga","robots":{"index":"index","follow":"follow","max-snippet":"max-snippet:-1","max-image-preview":"max-image-preview:large","max-video-preview":"max-video-preview:-1"},"canonical":"https:\/\/kemper-yoga.de\/?page_id=39","og_locale":"de_DE","og_type":"article","og_title":"Yoga Raum - Kundalini Yoga","og_description":"Herzlichen Willkommen im Jubilate Forum! Wir machen Yoga in diesem wundersch\u00f6nen lichtdurchfluteten Raum.\u00a0 \u00a0 \u00a0 \u00a0 \u00a0 \u00a0 \u00a0 \u00a0 \u00a0 \u00a0 \u00a0 \u00a0 \u00a0 \u00a0 \u00a0 \u00a0 \u00a0 \u00a0 \u00a0 \u00a0 \u00a0 \u00a0 \u00a0 \u00a0 \u00a0 \u00a0 \u00a0 \u00a0 \u00a0 \u00a0 \u00a0 \u00a0 \u00a0 \u00a0 \u00a0 \u00a0 \u00a0 \u00a0 \u00a0 \u00a0 \u00a0 \u00a0 \u00a0 ... Weiterlesen ...","og_url":"https:\/\/kemper-yoga.de\/?page_id=39","og_site_name":"Kundalini Yoga","article_modified_time":"2024-10-11T14:03:27+00:00","twitter_card":"summary_large_image","twitter_misc":{"Gesch\u00e4tzte Lesezeit":"1\u00a0Minute"},"schema":{"@context":"https:\/\/schema.org","@graph":[{"@type":"WebPage","@id":"https:\/\/kemper-yoga.de\/?page_id=39","url":"https:\/\/kemper-yoga.de\/?page_id=39","name":"Yoga Raum - Kundalini Yoga","isPartOf":{"@id":"https:\/\/kemper-yoga.de\/#website"},"datePublished":"2021-09-01T08:11:38+00:00","dateModified":"2024-10-11T14:03:27+00:00","breadcrumb":{"@id":"https:\/\/kemper-yoga.de\/?page_id=39#breadcrumb"},"inLanguage":"de","potentialAction":[{"@type":"ReadAction","target":["https:\/\/kemper-yoga.de\/?page_id=39"]}]},{"@type":"BreadcrumbList","@id":"https:\/\/kemper-yoga.de\/?page_id=39#breadcrumb","itemListElement":[{"@type":"ListItem","position":1,"name":"Home","item":"https:\/\/kemper-yoga.de\/"},{"@type":"ListItem","position":2,"name":"Yoga Raum"}]},{"@type":"WebSite","@id":"https:\/\/kemper-yoga.de\/#website","url":"https:\/\/kemper-yoga.de\/","name":"Kundalini Yoga","description":"Verena Kemper","publisher":{"@id":"https:\/\/kemper-yoga.de\/#organization"},"potentialAction":[{"@type":"SearchAction","target":{"@type":"EntryPoint","urlTemplate":"https:\/\/kemper-yoga.de\/?s={search_term_string}"},"query-input":"required name=search_term_string"}],"inLanguage":"de"},{"@type":"Organization","@id":"https:\/\/kemper-yoga.de\/#organization","name":"Kemper Yoga","url":"https:\/\/kemper-yoga.de\/","logo":{"@type":"ImageObject","inLanguage":"de","@id":"https:\/\/kemper-yoga.de\/#\/schema\/logo\/image\/","url":"https:\/\/i0.wp.com\/kemper-yoga.de\/wp-content\/uploads\/2021\/09\/cropped-EOSR8825-scaled-2.jpg?fit=512%2C512&ssl=1","contentUrl":"https:\/\/i0.wp.com\/kemper-yoga.de\/wp-content\/uploads\/2021\/09\/cropped-EOSR8825-scaled-2.jpg?fit=512%2C512&ssl=1","width":512,"height":512,"caption":"Kemper Yoga"},"image":{"@id":"https:\/\/kemper-yoga.de\/#\/schema\/logo\/image\/"}}]}},"jetpack-related-posts":[{"id":45,"url":"https:\/\/kemper-yoga.de\/?page_id=45","url_meta":{"origin":39,"position":0},"title":"Kontakt\/Impressum","date":"September 1, 2021","format":false,"excerpt":"Verena Kemper Niederhof 22a 51674 Wiehl 0170-3243233 vk@kemper-yoga.de Steuernummer: 221\/5061\/2290 Yoga-Raum: Jubilate Forum, Auf dem Korb 21, 51789 Lindlar \u00a0 \u00a0 \u00a0","rel":"","context":"\u00c4hnlicher Beitrag","img":{"alt_text":"","src":"https:\/\/i0.wp.com\/kemper-yoga.de\/wp-content\/uploads\/2021\/09\/kontakt-683x1024.jpg?resize=350%2C200&ssl=1","width":350,"height":200},"classes":[]},{"id":43,"url":"https:\/\/kemper-yoga.de\/?page_id=43","url_meta":{"origin":39,"position":1},"title":"Termine\/Kosten","date":"September 1, 2021","format":false,"excerpt":"Preis pro Unterrichtseinheit:\u00a0 15,-\u20ac 10 er Karte:\u00a0 140,-\u20ac \u00a0 Yogazeiten: Neuer Kurs jetzt auch Dienstags !! Dienstag: 20:15 Uhr - 21:45 Uhr Kursbeginn 5.11.2024 - 17.12.2024 7 er Karte: 105,-\u20ac - jetzt anmelden !! Donnerstag fortlaufender Kurs - Einstieg jederzeit m\u00f6glich 18:30 Uhr - 20:00 Uhr Beide Kurse im Jubilate\u2026","rel":"","context":"\u00c4hnlicher Beitrag","img":{"alt_text":"","src":"https:\/\/i0.wp.com\/kemper-yoga.de\/wp-content\/uploads\/2021\/09\/kurse-1024x683.jpg?resize=350%2C200&ssl=1","width":350,"height":200},"classes":[]},{"id":11,"url":"https:\/\/kemper-yoga.de\/","url_meta":{"origin":39,"position":2},"title":"Home","date":"September 1, 2021","format":false,"excerpt":"Gl\u00fcck - Zufriedenheit - Innere Harmonie In dieser heute doch schnelllebigen Zeit wird es immer wertvoller Orte der Ruhe und Entspannung zu finden. Ich lade Sie ganz herzlich ein in entspannter Atmosph\u00e4re eines wundersch\u00f6nen Raumes - Yoga, Entspannung und Meditation zu erfahren. Kundalini Yoga holt Sie dort ab, wo Sie\u2026","rel":"","context":"\u00c4hnlicher Beitrag","img":{"alt_text":"","src":"","width":0,"height":0},"classes":[]},{"id":37,"url":"https:\/\/kemper-yoga.de\/?page_id=37","url_meta":{"origin":39,"position":3},"title":"Kundalini Yoga","date":"September 1, 2021","format":false,"excerpt":"Kundalini Yoga Yoga \u2013 Entspannung \u2013 Meditation Kundalini Yoga erm\u00f6glicht ein harmonisches Leben in einer sich schnell ver\u00e4ndernden Welt. Die bewusste Integration von Atem, Haltung und Bewegung unterscheidet Yoga von Gymnastik oder anderen K\u00f6rper\u00fcbungen. Kundalini Yoga unterst\u00fctzt Sie darin Ihr inneres Potenzial zu erkennen und zu leben. Es wirkt harmonisierend\u2026","rel":"","context":"\u00c4hnlicher Beitrag","img":{"alt_text":"","src":"https:\/\/i0.wp.com\/kemper-yoga.de\/wp-content\/uploads\/2021\/09\/EOSR8948-1024x683.jpg?resize=350%2C200&ssl=1","width":350,"height":200},"classes":[]},{"id":41,"url":"https:\/\/kemper-yoga.de\/?page_id=41","url_meta":{"origin":39,"position":4},"title":"Zu mir","date":"September 1, 2021","format":false,"excerpt":"Zu mir Ich bin gelernte Industriekauffrau und arbeite seit \u00fcber 20 Jahren in diesem Beruf. Yoga begleitet mich schon mein Leben lang und ich war neugierig auf die Erfahrung die Seite zu wechseln. Nicht mehr als Teilnehmerin sondern als aktive Gestalterin einer Yogasession t\u00e4tig zu werden. Ich freue mich heute\u2026","rel":"","context":"\u00c4hnlicher Beitrag","img":{"alt_text":"","src":"","width":0,"height":0},"classes":[]},{"id":197,"url":"https:\/\/kemper-yoga.de\/?page_id=197","url_meta":{"origin":39,"position":5},"title":"Hypnose","date":"April 29, 2024","format":false,"excerpt":"","rel":"","context":"\u00c4hnlicher Beitrag","img":{"alt_text":"","src":"","width":0,"height":0},"classes":[]}],"_links":{"self":[{"href":"https:\/\/kemper-yoga.de\/index.php?rest_route=\/wp\/v2\/pages\/39"}],"collection":[{"href":"https:\/\/kemper-yoga.de\/index.php?rest_route=\/wp\/v2\/pages"}],"about":[{"href":"https:\/\/kemper-yoga.de\/index.php?rest_route=\/wp\/v2\/types\/page"}],"author":[{"embeddable":true,"href":"https:\/\/kemper-yoga.de\/index.php?rest_route=\/wp\/v2\/users\/1"}],"replies":[{"embeddable":true,"href":"https:\/\/kemper-yoga.de\/index.php?rest_route=%2Fwp%2Fv2%2Fcomments&post=39"}],"version-history":[{"count":16,"href":"https:\/\/kemper-yoga.de\/index.php?rest_route=\/wp\/v2\/pages\/39\/revisions"}],"predecessor-version":[{"id":228,"href":"https:\/\/kemper-yoga.de\/index.php?rest_route=\/wp\/v2\/pages\/39\/revisions\/228"}],"wp:attachment":[{"href":"https:\/\/kemper-yoga.de\/index.php?rest_route=%2Fwp%2Fv2%2Fmedia&parent=39"}],"curies":[{"name":"wp","href":"https:\/\/api.w.org\/{rel}","templated":true}]}}