{"id":197,"date":"2024-04-29T08:33:08","date_gmt":"2024-04-29T08:33:08","guid":{"rendered":"https:\/\/kemper-yoga.de\/?page_id=197"},"modified":"2024-09-19T10:45:49","modified_gmt":"2024-09-19T10:45:49","slug":"rauchentwoehnung-hypnose","status":"publish","type":"page","link":"https:\/\/kemper-yoga.de\/?page_id=197","title":{"rendered":"Hypnose"},"content":{"rendered":"\n","protected":false},"excerpt":{"rendered":"","protected":false},"author":1,"featured_media":0,"parent":0,"menu_order":0,"comment_status":"closed","ping_status":"closed","template":"","meta":[],"yoast_head":"<!-- This site is optimized with the Yoast SEO plugin v19.13 - https:\/\/yoast.com\/wordpress\/plugins\/seo\/ -->\n<title>Hypnose - Kundalini Yoga<\/title>\n<meta name=\"robots\" content=\"index, follow, max-snippet:-1, max-image-preview:large, max-video-preview:-1\" \/>\n<link rel=\"canonical\" href=\"https:\/\/kemper-yoga.de\/?page_id=197\" \/>\n<meta property=\"og:locale\" content=\"de_DE\" \/>\n<meta property=\"og:type\" content=\"article\" \/>\n<meta property=\"og:title\" content=\"Hypnose - Kundalini Yoga\" \/>\n<meta property=\"og:url\" content=\"https:\/\/kemper-yoga.de\/?page_id=197\" \/>\n<meta property=\"og:site_name\" content=\"Kundalini Yoga\" \/>\n<meta property=\"article:modified_time\" content=\"2024-09-19T10:45:49+00:00\" \/>\n<meta name=\"twitter:card\" content=\"summary_large_image\" \/>\n<meta name=\"twitter:label1\" content=\"Gesch\u00e4tzte Lesezeit\" \/>\n\t<meta name=\"twitter:data1\" content=\"1\u00a0Minute\" \/>\n<script type=\"application\/ld+json\" class=\"yoast-schema-graph\">{\"@context\":\"https:\/\/schema.org\",\"@graph\":[{\"@type\":\"WebPage\",\"@id\":\"https:\/\/kemper-yoga.de\/?page_id=197\",\"url\":\"https:\/\/kemper-yoga.de\/?page_id=197\",\"name\":\"Hypnose - Kundalini Yoga\",\"isPartOf\":{\"@id\":\"https:\/\/kemper-yoga.de\/#website\"},\"datePublished\":\"2024-04-29T08:33:08+00:00\",\"dateModified\":\"2024-09-19T10:45:49+00:00\",\"breadcrumb\":{\"@id\":\"https:\/\/kemper-yoga.de\/?page_id=197#breadcrumb\"},\"inLanguage\":\"de\",\"potentialAction\":[{\"@type\":\"ReadAction\",\"target\":[\"https:\/\/kemper-yoga.de\/?page_id=197\"]}]},{\"@type\":\"BreadcrumbList\",\"@id\":\"https:\/\/kemper-yoga.de\/?page_id=197#breadcrumb\",\"itemListElement\":[{\"@type\":\"ListItem\",\"position\":1,\"name\":\"Home\",\"item\":\"https:\/\/kemper-yoga.de\/\"},{\"@type\":\"ListItem\",\"position\":2,\"name\":\"Hypnose\"}]},{\"@type\":\"WebSite\",\"@id\":\"https:\/\/kemper-yoga.de\/#website\",\"url\":\"https:\/\/kemper-yoga.de\/\",\"name\":\"Kundalini Yoga\",\"description\":\"Verena Kemper\",\"publisher\":{\"@id\":\"https:\/\/kemper-yoga.de\/#organization\"},\"potentialAction\":[{\"@type\":\"SearchAction\",\"target\":{\"@type\":\"EntryPoint\",\"urlTemplate\":\"https:\/\/kemper-yoga.de\/?s={search_term_string}\"},\"query-input\":\"required name=search_term_string\"}],\"inLanguage\":\"de\"},{\"@type\":\"Organization\",\"@id\":\"https:\/\/kemper-yoga.de\/#organization\",\"name\":\"Kemper Yoga\",\"url\":\"https:\/\/kemper-yoga.de\/\",\"logo\":{\"@type\":\"ImageObject\",\"inLanguage\":\"de\",\"@id\":\"https:\/\/kemper-yoga.de\/#\/schema\/logo\/image\/\",\"url\":\"https:\/\/i0.wp.com\/kemper-yoga.de\/wp-content\/uploads\/2021\/09\/cropped-EOSR8825-scaled-2.jpg?fit=512%2C512&ssl=1\",\"contentUrl\":\"https:\/\/i0.wp.com\/kemper-yoga.de\/wp-content\/uploads\/2021\/09\/cropped-EOSR8825-scaled-2.jpg?fit=512%2C512&ssl=1\",\"width\":512,\"height\":512,\"caption\":\"Kemper Yoga\"},\"image\":{\"@id\":\"https:\/\/kemper-yoga.de\/#\/schema\/logo\/image\/\"}}]}<\/script>\n<!-- \/ Yoast SEO plugin. -->","yoast_head_json":{"title":"Hypnose - Kundalini Yoga","robots":{"index":"index","follow":"follow","max-snippet":"max-snippet:-1","max-image-preview":"max-image-preview:large","max-video-preview":"max-video-preview:-1"},"canonical":"https:\/\/kemper-yoga.de\/?page_id=197","og_locale":"de_DE","og_type":"article","og_title":"Hypnose - Kundalini Yoga","og_url":"https:\/\/kemper-yoga.de\/?page_id=197","og_site_name":"Kundalini Yoga","article_modified_time":"2024-09-19T10:45:49+00:00","twitter_card":"summary_large_image","twitter_misc":{"Gesch\u00e4tzte Lesezeit":"1\u00a0Minute"},"schema":{"@context":"https:\/\/schema.org","@graph":[{"@type":"WebPage","@id":"https:\/\/kemper-yoga.de\/?page_id=197","url":"https:\/\/kemper-yoga.de\/?page_id=197","name":"Hypnose - Kundalini Yoga","isPartOf":{"@id":"https:\/\/kemper-yoga.de\/#website"},"datePublished":"2024-04-29T08:33:08+00:00","dateModified":"2024-09-19T10:45:49+00:00","breadcrumb":{"@id":"https:\/\/kemper-yoga.de\/?page_id=197#breadcrumb"},"inLanguage":"de","potentialAction":[{"@type":"ReadAction","target":["https:\/\/kemper-yoga.de\/?page_id=197"]}]},{"@type":"BreadcrumbList","@id":"https:\/\/kemper-yoga.de\/?page_id=197#breadcrumb","itemListElement":[{"@type":"ListItem","position":1,"name":"Home","item":"https:\/\/kemper-yoga.de\/"},{"@type":"ListItem","position":2,"name":"Hypnose"}]},{"@type":"WebSite","@id":"https:\/\/kemper-yoga.de\/#website","url":"https:\/\/kemper-yoga.de\/","name":"Kundalini Yoga","description":"Verena Kemper","publisher":{"@id":"https:\/\/kemper-yoga.de\/#organization"},"potentialAction":[{"@type":"SearchAction","target":{"@type":"EntryPoint","urlTemplate":"https:\/\/kemper-yoga.de\/?s={search_term_string}"},"query-input":"required name=search_term_string"}],"inLanguage":"de"},{"@type":"Organization","@id":"https:\/\/kemper-yoga.de\/#organization","name":"Kemper Yoga","url":"https:\/\/kemper-yoga.de\/","logo":{"@type":"ImageObject","inLanguage":"de","@id":"https:\/\/kemper-yoga.de\/#\/schema\/logo\/image\/","url":"https:\/\/i0.wp.com\/kemper-yoga.de\/wp-content\/uploads\/2021\/09\/cropped-EOSR8825-scaled-2.jpg?fit=512%2C512&ssl=1","contentUrl":"https:\/\/i0.wp.com\/kemper-yoga.de\/wp-content\/uploads\/2021\/09\/cropped-EOSR8825-scaled-2.jpg?fit=512%2C512&ssl=1","width":512,"height":512,"caption":"Kemper Yoga"},"image":{"@id":"https:\/\/kemper-yoga.de\/#\/schema\/logo\/image\/"}}]}},"jetpack-related-posts":[{"id":45,"url":"https:\/\/kemper-yoga.de\/?page_id=45","url_meta":{"origin":197,"position":0},"title":"Kontakt\/Impressum","date":"September 1, 2021","format":false,"excerpt":"Verena Kemper Niederhof 22a 51674 Wiehl 0170-3243233 vk@kemper-yoga.de Steuernummer: 221\/5061\/2290 Yoga-Raum: Jubilate Forum, Auf dem Korb 21, 51789 Lindlar \u00a0 \u00a0 \u00a0","rel":"","context":"\u00c4hnlicher Beitrag","img":{"alt_text":"","src":"https:\/\/i0.wp.com\/kemper-yoga.de\/wp-content\/uploads\/2021\/09\/kontakt-683x1024.jpg?resize=350%2C200&ssl=1","width":350,"height":200},"classes":[]},{"id":48,"url":"https:\/\/kemper-yoga.de\/?page_id=48","url_meta":{"origin":197,"position":1},"title":"Datenschutz","date":"September 1, 2021","format":false,"excerpt":"Datenschutzerkl\u00e4rung Wir freuen uns sehr \u00fcber Ihr Interesse an unserem Unternehmen. Eine Nutzung der Internetseiten ist grunds\u00e4tzlich ohne jede Angabe personenbezogener Daten m\u00f6glich. Sofern eine betroffene Person besondere Services unseres Unternehmens \u00fcber unsere Internetseite in Anspruch nehmen m\u00f6chte, k\u00f6nnte jedoch eine Verarbeitung personenbezogener Daten erforderlich werden. Ist die Verarbeitung personenbezogener\u2026","rel":"","context":"\u00c4hnlicher Beitrag","img":{"alt_text":"","src":"","width":0,"height":0},"classes":[]}],"_links":{"self":[{"href":"https:\/\/kemper-yoga.de\/index.php?rest_route=\/wp\/v2\/pages\/197"}],"collection":[{"href":"https:\/\/kemper-yoga.de\/index.php?rest_route=\/wp\/v2\/pages"}],"about":[{"href":"https:\/\/kemper-yoga.de\/index.php?rest_route=\/wp\/v2\/types\/page"}],"author":[{"embeddable":true,"href":"https:\/\/kemper-yoga.de\/index.php?rest_route=\/wp\/v2\/users\/1"}],"replies":[{"embeddable":true,"href":"https:\/\/kemper-yoga.de\/index.php?rest_route=%2Fwp%2Fv2%2Fcomments&post=197"}],"version-history":[{"count":5,"href":"https:\/\/kemper-yoga.de\/index.php?rest_route=\/wp\/v2\/pages\/197\/revisions"}],"predecessor-version":[{"id":220,"href":"https:\/\/kemper-yoga.de\/index.php?rest_route=\/wp\/v2\/pages\/197\/revisions\/220"}],"wp:attachment":[{"href":"https:\/\/kemper-yoga.de\/index.php?rest_route=%2Fwp%2Fv2%2Fmedia&parent=197"}],"curies":[{"name":"wp","href":"https:\/\/api.w.org\/{rel}","templated":true}]}}