{"id":11,"date":"2021-09-01T07:34:33","date_gmt":"2021-09-01T07:34:33","guid":{"rendered":"https:\/\/kemper-yoga.de\/?page_id=11"},"modified":"2024-04-30T08:40:14","modified_gmt":"2024-04-30T08:40:14","slug":"kundalini-yoga-2","status":"publish","type":"page","link":"https:\/\/kemper-yoga.de\/","title":{"rendered":"Home"},"content":{"rendered":"<div class=\"n2_ss_slider_publish__option_code\" dir=\"ltr\" data-mode=\"id\"><\/div>\n<div dir=\"ltr\" data-mode=\"id\"><\/div>\n<div dir=\"ltr\" data-mode=\"id\">\n<h1><\/h1>\n<h1>Gl\u00fcck &#8211; Zufriedenheit &#8211; Innere Harmonie<\/h1>\n<p>In dieser heute doch schnelllebigen Zeit wird es immer wertvoller Orte der Ruhe und Entspannung zu finden.<\/p>\n<p>Ich lade Sie ganz herzlich ein in entspannter Atmosph\u00e4re eines wundersch\u00f6nen Raumes &#8211; Yoga, Entspannung und Meditation zu erfahren.<\/p>\n<p>Kundalini Yoga holt Sie dort ab, wo Sie gerade im Leben stehen. Es sind keine Vorkenntnisse oder besonderen Voraussetzungen notwendig und l\u00e4sst sich direkt in das t\u00e4gliche Leben integrieren.<\/p>\n<p>Bereichern Sie Ihr Leben mit mehr Gl\u00fcck, Zufriedenheit und innerer Harmonie.<\/p>\n<p>In anderthalb Stunden gebe ich Ihnen Raum, Abstand vom Alltag zu nehmen und K\u00f6rper, Seele und Geist wieder in Einklang zu bringen.<\/p>\n<p>Ich freue mich auf Sie,<\/p>\n<p>Ihre<\/p>\n<p>Verena Kemper<\/p>\n<\/div>\n","protected":false},"excerpt":{"rendered":"<p>Gl\u00fcck &#8211; Zufriedenheit &#8211; Innere Harmonie In dieser heute doch schnelllebigen Zeit wird es immer wertvoller Orte der Ruhe und Entspannung zu finden. Ich lade Sie ganz herzlich ein in entspannter Atmosph\u00e4re eines wundersch\u00f6nen Raumes &#8211; Yoga, Entspannung und Meditation zu erfahren. Kundalini Yoga holt Sie dort ab, wo Sie gerade im Leben stehen. Es &#8230; <a title=\"Home\" class=\"read-more\" href=\"https:\/\/kemper-yoga.de\/\" aria-label=\"Mehr bei Home\">Weiterlesen &#8230;<\/a><\/p>\n","protected":false},"author":1,"featured_media":0,"parent":0,"menu_order":0,"comment_status":"closed","ping_status":"closed","template":"","meta":[],"yoast_head":"<!-- This site is optimized with the Yoast SEO plugin v19.13 - https:\/\/yoast.com\/wordpress\/plugins\/seo\/ -->\n<title>Home - Kundalini Yoga<\/title>\n<meta name=\"description\" content=\"%Kundalini Yoga. Rauchentw\u00f6hnung Hypnose\" \/>\n<meta name=\"robots\" content=\"index, follow, max-snippet:-1, max-image-preview:large, max-video-preview:-1\" \/>\n<link rel=\"canonical\" href=\"https:\/\/kemper-yoga.de\/\" \/>\n<meta property=\"og:locale\" content=\"de_DE\" \/>\n<meta property=\"og:type\" content=\"article\" \/>\n<meta property=\"og:title\" content=\"Home - Kundalini Yoga\" \/>\n<meta property=\"og:description\" content=\"%Kundalini Yoga. Rauchentw\u00f6hnung Hypnose\" \/>\n<meta property=\"og:url\" content=\"https:\/\/kemper-yoga.de\/\" \/>\n<meta property=\"og:site_name\" content=\"Kundalini Yoga\" \/>\n<meta property=\"article:modified_time\" content=\"2024-04-30T08:40:14+00:00\" \/>\n<meta name=\"twitter:card\" content=\"summary_large_image\" \/>\n<meta name=\"twitter:label1\" content=\"Gesch\u00e4tzte Lesezeit\" \/>\n\t<meta name=\"twitter:data1\" content=\"1\u00a0Minute\" \/>\n<script type=\"application\/ld+json\" class=\"yoast-schema-graph\">{\"@context\":\"https:\/\/schema.org\",\"@graph\":[{\"@type\":\"WebPage\",\"@id\":\"https:\/\/kemper-yoga.de\/\",\"url\":\"https:\/\/kemper-yoga.de\/\",\"name\":\"Home - Kundalini Yoga\",\"isPartOf\":{\"@id\":\"https:\/\/kemper-yoga.de\/#website\"},\"datePublished\":\"2021-09-01T07:34:33+00:00\",\"dateModified\":\"2024-04-30T08:40:14+00:00\",\"description\":\"%Kundalini Yoga. Rauchentw\u00f6hnung Hypnose\",\"breadcrumb\":{\"@id\":\"https:\/\/kemper-yoga.de\/#breadcrumb\"},\"inLanguage\":\"de\",\"potentialAction\":[{\"@type\":\"ReadAction\",\"target\":[\"https:\/\/kemper-yoga.de\/\"]}]},{\"@type\":\"BreadcrumbList\",\"@id\":\"https:\/\/kemper-yoga.de\/#breadcrumb\",\"itemListElement\":[{\"@type\":\"ListItem\",\"position\":1,\"name\":\"Home\",\"item\":\"https:\/\/kemper-yoga.de\/\"},{\"@type\":\"ListItem\",\"position\":2,\"name\":\"Home\"}]},{\"@type\":\"WebSite\",\"@id\":\"https:\/\/kemper-yoga.de\/#website\",\"url\":\"https:\/\/kemper-yoga.de\/\",\"name\":\"Kundalini Yoga\",\"description\":\"Verena Kemper\",\"publisher\":{\"@id\":\"https:\/\/kemper-yoga.de\/#organization\"},\"potentialAction\":[{\"@type\":\"SearchAction\",\"target\":{\"@type\":\"EntryPoint\",\"urlTemplate\":\"https:\/\/kemper-yoga.de\/?s={search_term_string}\"},\"query-input\":\"required name=search_term_string\"}],\"inLanguage\":\"de\"},{\"@type\":\"Organization\",\"@id\":\"https:\/\/kemper-yoga.de\/#organization\",\"name\":\"Kemper Yoga\",\"url\":\"https:\/\/kemper-yoga.de\/\",\"logo\":{\"@type\":\"ImageObject\",\"inLanguage\":\"de\",\"@id\":\"https:\/\/kemper-yoga.de\/#\/schema\/logo\/image\/\",\"url\":\"https:\/\/i0.wp.com\/kemper-yoga.de\/wp-content\/uploads\/2021\/09\/cropped-EOSR8825-scaled-2.jpg?fit=512%2C512&ssl=1\",\"contentUrl\":\"https:\/\/i0.wp.com\/kemper-yoga.de\/wp-content\/uploads\/2021\/09\/cropped-EOSR8825-scaled-2.jpg?fit=512%2C512&ssl=1\",\"width\":512,\"height\":512,\"caption\":\"Kemper Yoga\"},\"image\":{\"@id\":\"https:\/\/kemper-yoga.de\/#\/schema\/logo\/image\/\"}}]}<\/script>\n<!-- \/ Yoast SEO plugin. -->","yoast_head_json":{"title":"Home - Kundalini Yoga","description":"%Kundalini Yoga. Rauchentw\u00f6hnung Hypnose","robots":{"index":"index","follow":"follow","max-snippet":"max-snippet:-1","max-image-preview":"max-image-preview:large","max-video-preview":"max-video-preview:-1"},"canonical":"https:\/\/kemper-yoga.de\/","og_locale":"de_DE","og_type":"article","og_title":"Home - Kundalini Yoga","og_description":"%Kundalini Yoga. Rauchentw\u00f6hnung Hypnose","og_url":"https:\/\/kemper-yoga.de\/","og_site_name":"Kundalini Yoga","article_modified_time":"2024-04-30T08:40:14+00:00","twitter_card":"summary_large_image","twitter_misc":{"Gesch\u00e4tzte Lesezeit":"1\u00a0Minute"},"schema":{"@context":"https:\/\/schema.org","@graph":[{"@type":"WebPage","@id":"https:\/\/kemper-yoga.de\/","url":"https:\/\/kemper-yoga.de\/","name":"Home - Kundalini Yoga","isPartOf":{"@id":"https:\/\/kemper-yoga.de\/#website"},"datePublished":"2021-09-01T07:34:33+00:00","dateModified":"2024-04-30T08:40:14+00:00","description":"%Kundalini Yoga. Rauchentw\u00f6hnung Hypnose","breadcrumb":{"@id":"https:\/\/kemper-yoga.de\/#breadcrumb"},"inLanguage":"de","potentialAction":[{"@type":"ReadAction","target":["https:\/\/kemper-yoga.de\/"]}]},{"@type":"BreadcrumbList","@id":"https:\/\/kemper-yoga.de\/#breadcrumb","itemListElement":[{"@type":"ListItem","position":1,"name":"Home","item":"https:\/\/kemper-yoga.de\/"},{"@type":"ListItem","position":2,"name":"Home"}]},{"@type":"WebSite","@id":"https:\/\/kemper-yoga.de\/#website","url":"https:\/\/kemper-yoga.de\/","name":"Kundalini Yoga","description":"Verena Kemper","publisher":{"@id":"https:\/\/kemper-yoga.de\/#organization"},"potentialAction":[{"@type":"SearchAction","target":{"@type":"EntryPoint","urlTemplate":"https:\/\/kemper-yoga.de\/?s={search_term_string}"},"query-input":"required name=search_term_string"}],"inLanguage":"de"},{"@type":"Organization","@id":"https:\/\/kemper-yoga.de\/#organization","name":"Kemper Yoga","url":"https:\/\/kemper-yoga.de\/","logo":{"@type":"ImageObject","inLanguage":"de","@id":"https:\/\/kemper-yoga.de\/#\/schema\/logo\/image\/","url":"https:\/\/i0.wp.com\/kemper-yoga.de\/wp-content\/uploads\/2021\/09\/cropped-EOSR8825-scaled-2.jpg?fit=512%2C512&ssl=1","contentUrl":"https:\/\/i0.wp.com\/kemper-yoga.de\/wp-content\/uploads\/2021\/09\/cropped-EOSR8825-scaled-2.jpg?fit=512%2C512&ssl=1","width":512,"height":512,"caption":"Kemper Yoga"},"image":{"@id":"https:\/\/kemper-yoga.de\/#\/schema\/logo\/image\/"}}]}},"jetpack-related-posts":[{"id":37,"url":"https:\/\/kemper-yoga.de\/?page_id=37","url_meta":{"origin":11,"position":0},"title":"Kundalini Yoga","date":"September 1, 2021","format":false,"excerpt":"Kundalini Yoga Yoga \u2013 Entspannung \u2013 Meditation Kundalini Yoga erm\u00f6glicht ein harmonisches Leben in einer sich schnell ver\u00e4ndernden Welt. Die bewusste Integration von Atem, Haltung und Bewegung unterscheidet Yoga von Gymnastik oder anderen K\u00f6rper\u00fcbungen. Kundalini Yoga unterst\u00fctzt Sie darin Ihr inneres Potenzial zu erkennen und zu leben. Es wirkt harmonisierend\u2026","rel":"","context":"\u00c4hnlicher Beitrag","img":{"alt_text":"","src":"https:\/\/i0.wp.com\/kemper-yoga.de\/wp-content\/uploads\/2021\/09\/EOSR8948-1024x683.jpg?resize=350%2C200&ssl=1","width":350,"height":200},"classes":[]},{"id":41,"url":"https:\/\/kemper-yoga.de\/?page_id=41","url_meta":{"origin":11,"position":1},"title":"Zu mir","date":"September 1, 2021","format":false,"excerpt":"Zu mir Ich bin gelernte Industriekauffrau und arbeite seit \u00fcber 20 Jahren in diesem Beruf. Yoga begleitet mich schon mein Leben lang und ich war neugierig auf die Erfahrung die Seite zu wechseln. Nicht mehr als Teilnehmerin sondern als aktive Gestalterin einer Yogasession t\u00e4tig zu werden. Ich freue mich heute\u2026","rel":"","context":"\u00c4hnlicher Beitrag","img":{"alt_text":"","src":"","width":0,"height":0},"classes":[]},{"id":39,"url":"https:\/\/kemper-yoga.de\/?page_id=39","url_meta":{"origin":11,"position":2},"title":"Yoga Raum","date":"September 1, 2021","format":false,"excerpt":"Herzlichen Willkommen im Jubilate Forum! Wir machen Yoga in diesem wundersch\u00f6nen lichtdurchfluteten Raum.\u00a0 \u00a0 \u00a0 \u00a0 \u00a0 \u00a0 \u00a0 \u00a0 \u00a0 \u00a0 \u00a0 \u00a0 \u00a0 \u00a0 \u00a0 \u00a0 \u00a0 \u00a0 \u00a0 \u00a0 \u00a0 \u00a0 \u00a0 \u00a0 \u00a0 \u00a0 \u00a0 \u00a0 \u00a0 \u00a0 \u00a0 \u00a0 \u00a0 \u00a0 \u00a0 \u00a0 \u00a0 \u00a0\u2026","rel":"","context":"\u00c4hnlicher Beitrag","img":{"alt_text":"","src":"","width":0,"height":0},"classes":[]},{"id":45,"url":"https:\/\/kemper-yoga.de\/?page_id=45","url_meta":{"origin":11,"position":3},"title":"Kontakt\/Impressum","date":"September 1, 2021","format":false,"excerpt":"Verena Kemper Niederhof 22a 51674 Wiehl 0170-3243233 vk@kemper-yoga.de Steuernummer: 221\/5061\/2290 Yoga-Raum: Jubilate Forum, Auf dem Korb 21, 51789 Lindlar \u00a0 \u00a0 \u00a0","rel":"","context":"\u00c4hnlicher Beitrag","img":{"alt_text":"","src":"https:\/\/i0.wp.com\/kemper-yoga.de\/wp-content\/uploads\/2021\/09\/kontakt-683x1024.jpg?resize=350%2C200&ssl=1","width":350,"height":200},"classes":[]},{"id":43,"url":"https:\/\/kemper-yoga.de\/?page_id=43","url_meta":{"origin":11,"position":4},"title":"Termine\/Kosten","date":"September 1, 2021","format":false,"excerpt":"Preis pro Unterrichtseinheit:\u00a0 15,-\u20ac 10 er Karte:\u00a0 140,-\u20ac \u00a0 Yogazeiten: Neuer Kurs jetzt auch Dienstags !! Dienstag: 20:15 Uhr - 21:45 Uhr Kursbeginn 5.11.2024 - 17.12.2024 7 er Karte: 105,-\u20ac - jetzt anmelden !! Donnerstag fortlaufender Kurs - Einstieg jederzeit m\u00f6glich 18:30 Uhr - 20:00 Uhr Beide Kurse im Jubilate\u2026","rel":"","context":"\u00c4hnlicher Beitrag","img":{"alt_text":"","src":"https:\/\/i0.wp.com\/kemper-yoga.de\/wp-content\/uploads\/2021\/09\/kurse-1024x683.jpg?resize=350%2C200&ssl=1","width":350,"height":200},"classes":[]},{"id":197,"url":"https:\/\/kemper-yoga.de\/?page_id=197","url_meta":{"origin":11,"position":5},"title":"Hypnose","date":"April 29, 2024","format":false,"excerpt":"","rel":"","context":"\u00c4hnlicher Beitrag","img":{"alt_text":"","src":"","width":0,"height":0},"classes":[]}],"_links":{"self":[{"href":"https:\/\/kemper-yoga.de\/index.php?rest_route=\/wp\/v2\/pages\/11"}],"collection":[{"href":"https:\/\/kemper-yoga.de\/index.php?rest_route=\/wp\/v2\/pages"}],"about":[{"href":"https:\/\/kemper-yoga.de\/index.php?rest_route=\/wp\/v2\/types\/page"}],"author":[{"embeddable":true,"href":"https:\/\/kemper-yoga.de\/index.php?rest_route=\/wp\/v2\/users\/1"}],"replies":[{"embeddable":true,"href":"https:\/\/kemper-yoga.de\/index.php?rest_route=%2Fwp%2Fv2%2Fcomments&post=11"}],"version-history":[{"count":7,"href":"https:\/\/kemper-yoga.de\/index.php?rest_route=\/wp\/v2\/pages\/11\/revisions"}],"predecessor-version":[{"id":77,"href":"https:\/\/kemper-yoga.de\/index.php?rest_route=\/wp\/v2\/pages\/11\/revisions\/77"}],"wp:attachment":[{"href":"https:\/\/kemper-yoga.de\/index.php?rest_route=%2Fwp%2Fv2%2Fmedia&parent=11"}],"curies":[{"name":"wp","href":"https:\/\/api.w.org\/{rel}","templated":true}]}}